{"id":78,"date":"2020-09-01T00:44:30","date_gmt":"2020-08-31T22:44:30","guid":{"rendered":"http:\/\/latifatbaili.com\/Hilmioptic\/?page_id=78"},"modified":"2020-09-25T18:05:20","modified_gmt":"2020-09-25T16:05:20","slug":"accueil","status":"publish","type":"page","link":"https:\/\/latifatbaili.com\/Hilmioptic\/","title":{"rendered":"Accueil"},"content":{"rendered":"\n<div class=\"wp-container-1 wp-block-group\"><div class=\"wp-block-group__inner-container\"><\/div><\/div>\n\n\n\n<h3 class=\"has-text-color\" style=\"color:#636465\">Cat\u00e9gories de produits<\/h3>\n\n\n<div class=\"wc-block-product-categories is-dropdown\">\n\t\t\t<div class=\"wc-block-product-categories__dropdown\">\n\t\t\t\t<label\n\t\t\t\tclass=\"screen-reader-text\"\n\t\t\t\t\tfor=\"product-categories-69d1ef5a2cb87-select\"\n\t\t\t\t>\n\t\t\t\t\tS\u00e9lectionner une cat\u00e9gorie\n\t\t\t\t<\/label>\n\t\t\t\t<select aria-label=\"Liste des cat\u00e9gories\" id=\"product-categories-69d1ef5a2cb87-select\">\n\t\t\t\t\t<option value=\"false\" hidden>\n\t\t\t\t\t\tS\u00e9lectionner une cat\u00e9gorie\n\t\t\t\t\t<\/option>\n\t\t\t\t\t\n\t\t\t\t<option value=\"https:\/\/latifatbaili.com\/Hilmioptic\/categorie-produit\/lunettes-pour-les-femmes\/\">\n\t\t\t\t\t\n\t\t\t\t\tLunettes pour les femmes\n\t\t\t\t\t\n\t\t\t\t<\/option>\n\t\t\t\t\n\t\t\t\t<option value=\"https:\/\/latifatbaili.com\/Hilmioptic\/categorie-produit\/lunettes-pour-les-femmes\/monture-metallique\/\">\n\t\t\t\t\t&#8211;\n\t\t\t\t\tMonture m\u00e9tallique\n\t\t\t\t\t\n\t\t\t\t<\/option>\n\t\t\t\t\n\t\t\t\n\t\t\t\t<option value=\"https:\/\/latifatbaili.com\/Hilmioptic\/categorie-produit\/lunettes-pour-les-femmes\/monture-plastique\/\">\n\t\t\t\t\t&#8211;\n\t\t\t\t\tMonture plastique\n\t\t\t\t\t\n\t\t\t\t<\/option>\n\t\t\t\t\n\t\t\t\n\t\t\t\t<option value=\"https:\/\/latifatbaili.com\/Hilmioptic\/categorie-produit\/lunettes-pour-les-femmes\/montures-avec-clips-solaires-polarises\/\">\n\t\t\t\t\t&#8211;\n\t\t\t\t\tMontures avec clips solaires polaris\u00e9s\n\t\t\t\t\t\n\t\t\t\t<\/option>\n\t\t\t\t\n\t\t\t\n\t\t\t\t<option value=\"https:\/\/latifatbaili.com\/Hilmioptic\/categorie-produit\/lunettes-pour-les-femmes\/montures-en-acetates-lunettes-pour-les-femmes\/\">\n\t\t\t\t\t&#8211;\n\t\t\t\t\tMontures en ac\u00e9tates\n\t\t\t\t\t\n\t\t\t\t<\/option>\n\t\t\t\t\n\t\t\t\n\t\t\t\t<option value=\"https:\/\/latifatbaili.com\/Hilmioptic\/categorie-produit\/lunettes-pour-les-femmes\/montures-perces\/\">\n\t\t\t\t\t&#8211;\n\t\t\t\t\tMontures perc\u00e9s\n\t\t\t\t\t\n\t\t\t\t<\/option>\n\t\t\t\t\n\t\t\t\n\t\t\t\n\t\t\t\t<option value=\"https:\/\/latifatbaili.com\/Hilmioptic\/categorie-produit\/lunettes-pour-les-hommes\/\">\n\t\t\t\t\t\n\t\t\t\t\tLunettes pour les hommes\n\t\t\t\t\t\n\t\t\t\t<\/option>\n\t\t\t\t\n\t\t\t\t<option value=\"https:\/\/latifatbaili.com\/Hilmioptic\/categorie-produit\/lunettes-pour-les-hommes\/montures-en-acetates\/\">\n\t\t\t\t\t&#8211;\n\t\t\t\t\tMontures en ac\u00e9tates\n\t\t\t\t\t\n\t\t\t\t<\/option>\n\t\t\t\t\n\t\t\t\n\t\t\t\t<option value=\"https:\/\/latifatbaili.com\/Hilmioptic\/categorie-produit\/lunettes-pour-les-hommes\/montures-en-acetates-avec-clips-solaires-polarises\/\">\n\t\t\t\t\t&#8211;\n\t\t\t\t\tMontures en ac\u00e9tates avec clips solaires polaris\u00e9s\n\t\t\t\t\t\n\t\t\t\t<\/option>\n\t\t\t\t\n\t\t\t\n\t\t\t\t<option value=\"https:\/\/latifatbaili.com\/Hilmioptic\/categorie-produit\/lunettes-pour-les-hommes\/montures-en-titanium\/\">\n\t\t\t\t\t&#8211;\n\t\t\t\t\tMontures en titanium\n\t\t\t\t\t\n\t\t\t\t<\/option>\n\t\t\t\t\n\t\t\t\n\t\t\t\t<option value=\"https:\/\/latifatbaili.com\/Hilmioptic\/categorie-produit\/lunettes-pour-les-hommes\/montures-perces-pour-hommes\/\">\n\t\t\t\t\t&#8211;\n\t\t\t\t\tMontures perc\u00e9s\n\t\t\t\t\t\n\t\t\t\t<\/option>\n\t\t\t\t\n\t\t\t\n\t\t\t\n\t\t\t\t<\/select>\n\t\t\t<\/div>\n\t\t\t<button\n\t\t\t\ttype=\"button\"\n\t\t\t\tclass=\"wc-block-product-categories__button\"\n\t\t\t\taria-label=\"Acc\u00e9der \u00e0 la cat\u00e9gorie\"\n\t\t\t\tonclick=\"const url = document.getElementById( 'product-categories-69d1ef5a2cb87-select' ).value; if ( 'false' !== url ) document.location.href = url;\"\n\t\t\t>\n\t\t\t\t<svg\n\t\t\t\t\taria-hidden=\"true\"\n\t\t\t\t\trole=\"img\"\n\t\t\t\t\tfocusable=\"false\"\n\t\t\t\t\tclass=\"dashicon dashicons-arrow-right-alt2\"\n\t\t\t\t\txmlns=\"http:\/\/www.w3.org\/2000\/svg\"\n\t\t\t\t\twidth=\"20\"\n\t\t\t\t\theight=\"20\"\n\t\t\t\t\tviewBox=\"0 0 20 20\"\n\t\t\t\t>\n\t\t\t\t\t<path d=\"M6 15l5-5-5-5 1-2 7 7-7 7z\" \/>\n\t\t\t\t<\/svg>\n\t\t\t<\/button>\n\t\t<\/div>\n\n\n<hr class=\"wp-block-separator\"\/>\n\n\n\n<h2><strong>Nos Produits r\u00e9cents <\/strong><\/h2>\n\n\n<div class=\"wc-block-grid wp-block-product-new wc-block-product-new has-3-columns alignfull\"><ul class=\"wc-block-grid__products\"><li class=\"wc-block-grid__product\">\n\t\t\t\t<a href=\"https:\/\/latifatbaili.com\/Hilmioptic\/produit\/montures-en-acetates-pour-hommes-18\/\" class=\"wc-block-grid__product-link\">\n\t\t\t\t\t<div class=\"wc-block-grid__product-image\"><img width=\"300\" height=\"180\" src=\"https:\/\/latifatbaili.com\/Hilmioptic\/wp-content\/uploads\/2020\/09\/21-1-e1601658263137-300x180.jpeg\" class=\"attachment-woocommerce_thumbnail size-woocommerce_thumbnail\" alt=\"\" loading=\"lazy\" \/><\/div>\n\t\t\t\t\t<div class=\"wc-block-grid__product-title\">Montures en ac\u00e9tates pour hommes<\/div>\n\t\t\t\t<\/a>\n\t\t\t\t\n\t\t\t\t<div class=\"wc-block-grid__product-price price\"><span class=\"woocommerce-Price-amount amount\"><bdi><span class=\"woocommerce-Price-currencySymbol\">&#x62f;.&#x645;.<\/span>&nbsp;600.00<\/bdi><\/span><\/div>\n\t\t\t\t\n\t\t\t\t<div class=\"wp-block-button wc-block-grid__product-add-to-cart\"><a href=\"?add-to-cart=420\" aria-label=\"Ajouter &ldquo;Montures en ac\u00e9tates pour hommes&rdquo; \u00e0 votre panier\" data-quantity=\"1\" data-product_id=\"420\" data-product_sku=\"\" rel=\"nofollow\" class=\"wp-block-button__link add_to_cart_button ajax_add_to_cart\">Ajouter au panier<\/a><\/div>\n\t\t\t<\/li><li class=\"wc-block-grid__product\">\n\t\t\t\t<a href=\"https:\/\/latifatbaili.com\/Hilmioptic\/produit\/montures-en-acetates-pour-hommes-17\/\" class=\"wc-block-grid__product-link\">\n\t\t\t\t\t<div class=\"wc-block-grid__product-image\"><img width=\"300\" height=\"180\" src=\"https:\/\/latifatbaili.com\/Hilmioptic\/wp-content\/uploads\/2020\/09\/20-2-e1600462052939-300x180.jpeg\" class=\"attachment-woocommerce_thumbnail size-woocommerce_thumbnail\" alt=\"\" loading=\"lazy\" \/><\/div>\n\t\t\t\t\t<div class=\"wc-block-grid__product-title\">Montures en ac\u00e9tates pour hommes<\/div>\n\t\t\t\t<\/a>\n\t\t\t\t\n\t\t\t\t<div class=\"wc-block-grid__product-price price\"><span class=\"woocommerce-Price-amount amount\"><bdi><span class=\"woocommerce-Price-currencySymbol\">&#x62f;.&#x645;.<\/span>&nbsp;600.00<\/bdi><\/span><\/div>\n\t\t\t\t\n\t\t\t\t<div class=\"wp-block-button wc-block-grid__product-add-to-cart\"><a href=\"?add-to-cart=419\" aria-label=\"Ajouter &ldquo;Montures en ac\u00e9tates pour hommes&rdquo; \u00e0 votre panier\" data-quantity=\"1\" data-product_id=\"419\" data-product_sku=\"\" rel=\"nofollow\" class=\"wp-block-button__link add_to_cart_button ajax_add_to_cart\">Ajouter au panier<\/a><\/div>\n\t\t\t<\/li><li class=\"wc-block-grid__product\">\n\t\t\t\t<a href=\"https:\/\/latifatbaili.com\/Hilmioptic\/produit\/montures-en-acetates-pour-hommes-16\/\" class=\"wc-block-grid__product-link\">\n\t\t\t\t\t<div class=\"wc-block-grid__product-image\"><img width=\"300\" height=\"180\" src=\"https:\/\/latifatbaili.com\/Hilmioptic\/wp-content\/uploads\/2020\/09\/19-2-e1600461616211-300x180.jpeg\" class=\"attachment-woocommerce_thumbnail size-woocommerce_thumbnail\" alt=\"\" loading=\"lazy\" \/><\/div>\n\t\t\t\t\t<div class=\"wc-block-grid__product-title\">Montures en ac\u00e9tates pour hommes<\/div>\n\t\t\t\t<\/a>\n\t\t\t\t\n\t\t\t\t<div class=\"wc-block-grid__product-price price\"><span class=\"woocommerce-Price-amount amount\"><bdi><span class=\"woocommerce-Price-currencySymbol\">&#x62f;.&#x645;.<\/span>&nbsp;600.00<\/bdi><\/span><\/div>\n\t\t\t\t\n\t\t\t\t<div class=\"wp-block-button wc-block-grid__product-add-to-cart\"><a href=\"?add-to-cart=416\" aria-label=\"Ajouter &ldquo;Montures en ac\u00e9tates pour hommes&rdquo; \u00e0 votre panier\" data-quantity=\"1\" data-product_id=\"416\" data-product_sku=\"\" rel=\"nofollow\" class=\"wp-block-button__link add_to_cart_button ajax_add_to_cart\">Ajouter au panier<\/a><\/div>\n\t\t\t<\/li><\/ul><\/div>\n\n\n<div class=\"wp-container-2 wp-block-buttons alignright\">\n<div class=\"wp-block-button is-style-outline\"><a class=\"wp-block-button__link\" href=\"https:\/\/latifatbaili.com\/Hilmioptic\/boutique\/\">VOIR PLUS &#8230;<\/a><\/div>\n<\/div>\n\n\n\n<div style=\"height:20px\" aria-hidden=\"true\" class=\"wp-block-spacer\"><\/div>\n\n\n\n<hr class=\"wp-block-separator\"\/>\n\n\n\n<h2><a href=\"https:\/\/latifatbaili.com\/Hilmioptic\/etiquette-produit\/lunettes-pour-les-hommes\/\" data-type=\"URL\" data-id=\"https:\/\/latifatbaili.com\/Hilmioptic\/etiquette-produit\/lunettes-pour-les-hommes\/\">Lunettes pour les hommes<\/a><\/h2>\n\n\n<div class=\"wc-block-grid wp-block-product-category wc-block-product-category has-3-columns has-multiple-rows alignfull\"><ul class=\"wc-block-grid__products\"><li class=\"wc-block-grid__product\">\n\t\t\t\t<a href=\"https:\/\/latifatbaili.com\/Hilmioptic\/produit\/montures-en-acetates-pour-hommes-18\/\" class=\"wc-block-grid__product-link\">\n\t\t\t\t\t<div class=\"wc-block-grid__product-image\"><img width=\"300\" height=\"180\" src=\"https:\/\/latifatbaili.com\/Hilmioptic\/wp-content\/uploads\/2020\/09\/21-1-e1601658263137-300x180.jpeg\" class=\"attachment-woocommerce_thumbnail size-woocommerce_thumbnail\" alt=\"\" loading=\"lazy\" \/><\/div>\n\t\t\t\t\t<div class=\"wc-block-grid__product-title\">Montures en ac\u00e9tates pour hommes<\/div>\n\t\t\t\t<\/a>\n\t\t\t\t\n\t\t\t\t<div class=\"wc-block-grid__product-price price\"><span class=\"woocommerce-Price-amount amount\"><bdi><span class=\"woocommerce-Price-currencySymbol\">&#x62f;.&#x645;.<\/span>&nbsp;600.00<\/bdi><\/span><\/div>\n\t\t\t\t\n\t\t\t\t<div class=\"wp-block-button wc-block-grid__product-add-to-cart\"><a href=\"?add-to-cart=420\" aria-label=\"Ajouter &ldquo;Montures en ac\u00e9tates pour hommes&rdquo; \u00e0 votre panier\" data-quantity=\"1\" data-product_id=\"420\" data-product_sku=\"\" rel=\"nofollow\" class=\"wp-block-button__link add_to_cart_button ajax_add_to_cart\">Ajouter au panier<\/a><\/div>\n\t\t\t<\/li><li class=\"wc-block-grid__product\">\n\t\t\t\t<a href=\"https:\/\/latifatbaili.com\/Hilmioptic\/produit\/montures-en-acetates-pour-hommes-17\/\" class=\"wc-block-grid__product-link\">\n\t\t\t\t\t<div class=\"wc-block-grid__product-image\"><img width=\"300\" height=\"180\" src=\"https:\/\/latifatbaili.com\/Hilmioptic\/wp-content\/uploads\/2020\/09\/20-2-e1600462052939-300x180.jpeg\" class=\"attachment-woocommerce_thumbnail size-woocommerce_thumbnail\" alt=\"\" loading=\"lazy\" \/><\/div>\n\t\t\t\t\t<div class=\"wc-block-grid__product-title\">Montures en ac\u00e9tates pour hommes<\/div>\n\t\t\t\t<\/a>\n\t\t\t\t\n\t\t\t\t<div class=\"wc-block-grid__product-price price\"><span class=\"woocommerce-Price-amount amount\"><bdi><span class=\"woocommerce-Price-currencySymbol\">&#x62f;.&#x645;.<\/span>&nbsp;600.00<\/bdi><\/span><\/div>\n\t\t\t\t\n\t\t\t\t<div class=\"wp-block-button wc-block-grid__product-add-to-cart\"><a href=\"?add-to-cart=419\" aria-label=\"Ajouter &ldquo;Montures en ac\u00e9tates pour hommes&rdquo; \u00e0 votre panier\" data-quantity=\"1\" data-product_id=\"419\" data-product_sku=\"\" rel=\"nofollow\" class=\"wp-block-button__link add_to_cart_button ajax_add_to_cart\">Ajouter au panier<\/a><\/div>\n\t\t\t<\/li><li class=\"wc-block-grid__product\">\n\t\t\t\t<a href=\"https:\/\/latifatbaili.com\/Hilmioptic\/produit\/montures-en-acetates-pour-hommes-16\/\" class=\"wc-block-grid__product-link\">\n\t\t\t\t\t<div class=\"wc-block-grid__product-image\"><img width=\"300\" height=\"180\" src=\"https:\/\/latifatbaili.com\/Hilmioptic\/wp-content\/uploads\/2020\/09\/19-2-e1600461616211-300x180.jpeg\" class=\"attachment-woocommerce_thumbnail size-woocommerce_thumbnail\" alt=\"\" loading=\"lazy\" \/><\/div>\n\t\t\t\t\t<div class=\"wc-block-grid__product-title\">Montures en ac\u00e9tates pour hommes<\/div>\n\t\t\t\t<\/a>\n\t\t\t\t\n\t\t\t\t<div class=\"wc-block-grid__product-price price\"><span class=\"woocommerce-Price-amount amount\"><bdi><span class=\"woocommerce-Price-currencySymbol\">&#x62f;.&#x645;.<\/span>&nbsp;600.00<\/bdi><\/span><\/div>\n\t\t\t\t\n\t\t\t\t<div class=\"wp-block-button wc-block-grid__product-add-to-cart\"><a href=\"?add-to-cart=416\" aria-label=\"Ajouter &ldquo;Montures en ac\u00e9tates pour hommes&rdquo; \u00e0 votre panier\" data-quantity=\"1\" data-product_id=\"416\" data-product_sku=\"\" rel=\"nofollow\" class=\"wp-block-button__link add_to_cart_button ajax_add_to_cart\">Ajouter au panier<\/a><\/div>\n\t\t\t<\/li><li class=\"wc-block-grid__product\">\n\t\t\t\t<a href=\"https:\/\/latifatbaili.com\/Hilmioptic\/produit\/montures-en-acetates-pour-hommes-15\/\" class=\"wc-block-grid__product-link\">\n\t\t\t\t\t<div class=\"wc-block-grid__product-image\"><img width=\"300\" height=\"180\" src=\"https:\/\/latifatbaili.com\/Hilmioptic\/wp-content\/uploads\/2020\/09\/18-2-e1600461537812-300x180.jpeg\" class=\"attachment-woocommerce_thumbnail size-woocommerce_thumbnail\" alt=\"\" loading=\"lazy\" \/><\/div>\n\t\t\t\t\t<div class=\"wc-block-grid__product-title\">Montures en ac\u00e9tates pour hommes<\/div>\n\t\t\t\t<\/a>\n\t\t\t\t\n\t\t\t\t<div class=\"wc-block-grid__product-price price\"><span class=\"woocommerce-Price-amount amount\"><bdi><span class=\"woocommerce-Price-currencySymbol\">&#x62f;.&#x645;.<\/span>&nbsp;600.00<\/bdi><\/span><\/div>\n\t\t\t\t\n\t\t\t\t<div class=\"wp-block-button wc-block-grid__product-add-to-cart\"><a href=\"?add-to-cart=415\" aria-label=\"Ajouter &ldquo;Montures en ac\u00e9tates pour hommes&rdquo; \u00e0 votre panier\" data-quantity=\"1\" data-product_id=\"415\" data-product_sku=\"\" rel=\"nofollow\" class=\"wp-block-button__link add_to_cart_button ajax_add_to_cart\">Ajouter au panier<\/a><\/div>\n\t\t\t<\/li><li class=\"wc-block-grid__product\">\n\t\t\t\t<a href=\"https:\/\/latifatbaili.com\/Hilmioptic\/produit\/montures-en-acetates-pour-hommes-14\/\" class=\"wc-block-grid__product-link\">\n\t\t\t\t\t<div class=\"wc-block-grid__product-image\"><img width=\"300\" height=\"180\" src=\"https:\/\/latifatbaili.com\/Hilmioptic\/wp-content\/uploads\/2020\/09\/17-2-e1600461460774-300x180.jpeg\" class=\"attachment-woocommerce_thumbnail size-woocommerce_thumbnail\" alt=\"\" loading=\"lazy\" \/><\/div>\n\t\t\t\t\t<div class=\"wc-block-grid__product-title\">Montures en ac\u00e9tates pour hommes<\/div>\n\t\t\t\t<\/a>\n\t\t\t\t\n\t\t\t\t<div class=\"wc-block-grid__product-price price\"><span class=\"woocommerce-Price-amount amount\"><bdi><span class=\"woocommerce-Price-currencySymbol\">&#x62f;.&#x645;.<\/span>&nbsp;600.00<\/bdi><\/span><\/div>\n\t\t\t\t\n\t\t\t\t<div class=\"wp-block-button wc-block-grid__product-add-to-cart\"><a href=\"?add-to-cart=414\" aria-label=\"Ajouter &ldquo;Montures en ac\u00e9tates pour hommes&rdquo; \u00e0 votre panier\" data-quantity=\"1\" data-product_id=\"414\" data-product_sku=\"\" rel=\"nofollow\" class=\"wp-block-button__link add_to_cart_button ajax_add_to_cart\">Ajouter au panier<\/a><\/div>\n\t\t\t<\/li><li class=\"wc-block-grid__product\">\n\t\t\t\t<a href=\"https:\/\/latifatbaili.com\/Hilmioptic\/produit\/montures-en-acetates-pour-hommes-13\/\" class=\"wc-block-grid__product-link\">\n\t\t\t\t\t<div class=\"wc-block-grid__product-image\"><img width=\"300\" height=\"180\" src=\"https:\/\/latifatbaili.com\/Hilmioptic\/wp-content\/uploads\/2020\/09\/16-2-e1600461272957-300x180.jpeg\" class=\"attachment-woocommerce_thumbnail size-woocommerce_thumbnail\" alt=\"\" loading=\"lazy\" \/><\/div>\n\t\t\t\t\t<div class=\"wc-block-grid__product-title\">Montures en ac\u00e9tates pour hommes<\/div>\n\t\t\t\t<\/a>\n\t\t\t\t\n\t\t\t\t<div class=\"wc-block-grid__product-price price\"><span class=\"woocommerce-Price-amount amount\"><bdi><span class=\"woocommerce-Price-currencySymbol\">&#x62f;.&#x645;.<\/span>&nbsp;600.00<\/bdi><\/span><\/div>\n\t\t\t\t\n\t\t\t\t<div class=\"wp-block-button wc-block-grid__product-add-to-cart\"><a href=\"?add-to-cart=413\" aria-label=\"Ajouter &ldquo;Montures en ac\u00e9tates pour hommes&rdquo; \u00e0 votre panier\" data-quantity=\"1\" data-product_id=\"413\" data-product_sku=\"\" rel=\"nofollow\" class=\"wp-block-button__link add_to_cart_button ajax_add_to_cart\">Ajouter au panier<\/a><\/div>\n\t\t\t<\/li><\/ul><\/div>\n\n\n<div class=\"wp-container-3 wp-block-buttons alignright\">\n<div class=\"wp-block-button is-style-outline\"><a class=\"wp-block-button__link\" href=\"https:\/\/latifatbaili.com\/Hilmioptic\/etiquette-produit\/lunettes-pour-les-hommes\/\">VOIR PLUS &#8230;<\/a><\/div>\n<\/div>\n\n\n\n<div class=\"wp-container-4 wp-block-group alignwide\"><div class=\"wp-block-group__inner-container\">\n<p> <\/p>\n\n\n\n<div style=\"height:20px\" aria-hidden=\"true\" class=\"wp-block-spacer\"><\/div>\n<\/div><\/div>\n\n\n\n<hr class=\"wp-block-separator\"\/>\n\n\n\n<h2><a href=\"https:\/\/latifatbaili.com\/Hilmioptic\/etiquette-produit\/lunettes-pour-les-femmes\/\" data-type=\"URL\" data-id=\"https:\/\/latifatbaili.com\/Hilmioptic\/etiquette-produit\/lunettes-pour-les-femmes\/\">Lunettes pour les femmes<\/a><\/h2>\n\n\n<div class=\"wc-block-grid wp-block-product-category wc-block-product-category has-3-columns has-multiple-rows alignfull\"><ul class=\"wc-block-grid__products\"><li class=\"wc-block-grid__product\">\n\t\t\t\t<a href=\"https:\/\/latifatbaili.com\/Hilmioptic\/produit\/montures-avec-clips-solaires-polarises-pour-femmes-2\/\" class=\"wc-block-grid__product-link\">\n\t\t\t\t\t<div class=\"wc-block-grid__product-image\"><img width=\"300\" height=\"180\" src=\"https:\/\/latifatbaili.com\/Hilmioptic\/wp-content\/uploads\/2020\/09\/WhatsApp-Image-2020-07-23-at-19.24.30-e1601658356306-300x180.jpeg\" class=\"attachment-woocommerce_thumbnail size-woocommerce_thumbnail\" alt=\"\" loading=\"lazy\" \/><\/div>\n\t\t\t\t\t<div class=\"wc-block-grid__product-title\">Montures avec clips solaires polaris\u00e9s pour femmes<\/div>\n\t\t\t\t<\/a>\n\t\t\t\t\n\t\t\t\t<div class=\"wc-block-grid__product-price price\"><span class=\"woocommerce-Price-amount amount\"><bdi><span class=\"woocommerce-Price-currencySymbol\">&#x62f;.&#x645;.<\/span>&nbsp;900.00<\/bdi><\/span><\/div>\n\t\t\t\t\n\t\t\t\t<div class=\"wp-block-button wc-block-grid__product-add-to-cart\"><a href=\"?add-to-cart=398\" aria-label=\"Ajouter &ldquo;Montures avec clips solaires polaris\u00e9s pour femmes&rdquo; \u00e0 votre panier\" data-quantity=\"1\" data-product_id=\"398\" data-product_sku=\"\" rel=\"nofollow\" class=\"wp-block-button__link add_to_cart_button ajax_add_to_cart\">Ajouter au panier<\/a><\/div>\n\t\t\t<\/li><li class=\"wc-block-grid__product\">\n\t\t\t\t<a href=\"https:\/\/latifatbaili.com\/Hilmioptic\/produit\/montures-avec-clips-solaires-polarises-pour-femmes\/\" class=\"wc-block-grid__product-link\">\n\t\t\t\t\t<div class=\"wc-block-grid__product-image\"><img width=\"300\" height=\"180\" src=\"https:\/\/latifatbaili.com\/Hilmioptic\/wp-content\/uploads\/2020\/09\/WhatsApp-Image-2020-07-23-at-19.24.53-e1601658366931-300x180.jpeg\" class=\"attachment-woocommerce_thumbnail size-woocommerce_thumbnail\" alt=\"\" loading=\"lazy\" \/><\/div>\n\t\t\t\t\t<div class=\"wc-block-grid__product-title\">Montures avec clips solaires polaris\u00e9s pour femmes<\/div>\n\t\t\t\t<\/a>\n\t\t\t\t\n\t\t\t\t<div class=\"wc-block-grid__product-price price\"><span class=\"woocommerce-Price-amount amount\"><bdi><span class=\"woocommerce-Price-currencySymbol\">&#x62f;.&#x645;.<\/span>&nbsp;900.00<\/bdi><\/span><\/div>\n\t\t\t\t\n\t\t\t\t<div class=\"wp-block-button wc-block-grid__product-add-to-cart\"><a href=\"?add-to-cart=395\" aria-label=\"Ajouter &ldquo;Montures avec clips solaires polaris\u00e9s pour femmes&rdquo; \u00e0 votre panier\" data-quantity=\"1\" data-product_id=\"395\" data-product_sku=\"\" rel=\"nofollow\" class=\"wp-block-button__link add_to_cart_button ajax_add_to_cart\">Ajouter au panier<\/a><\/div>\n\t\t\t<\/li><li class=\"wc-block-grid__product\">\n\t\t\t\t<a href=\"https:\/\/latifatbaili.com\/Hilmioptic\/produit\/monture-metallique-pour-femmes-20\/\" class=\"wc-block-grid__product-link\">\n\t\t\t\t\t<div class=\"wc-block-grid__product-image\"><img width=\"300\" height=\"180\" src=\"https:\/\/latifatbaili.com\/Hilmioptic\/wp-content\/uploads\/2020\/09\/20-1-e1601658381493-300x180.jpeg\" class=\"attachment-woocommerce_thumbnail size-woocommerce_thumbnail\" alt=\"\" loading=\"lazy\" \/><\/div>\n\t\t\t\t\t<div class=\"wc-block-grid__product-title\">Monture m\u00e9tallique pour femmes<\/div>\n\t\t\t\t<\/a>\n\t\t\t\t\n\t\t\t\t<div class=\"wc-block-grid__product-price price\"><span class=\"woocommerce-Price-amount amount\"><bdi><span class=\"woocommerce-Price-currencySymbol\">&#x62f;.&#x645;.<\/span>&nbsp;500.00<\/bdi><\/span><\/div>\n\t\t\t\t\n\t\t\t\t<div class=\"wp-block-button wc-block-grid__product-add-to-cart\"><a href=\"?add-to-cart=394\" aria-label=\"Ajouter &ldquo;Monture m\u00e9tallique pour femmes&rdquo; \u00e0 votre panier\" data-quantity=\"1\" data-product_id=\"394\" data-product_sku=\"\" rel=\"nofollow\" class=\"wp-block-button__link add_to_cart_button ajax_add_to_cart\">Ajouter au panier<\/a><\/div>\n\t\t\t<\/li><li class=\"wc-block-grid__product\">\n\t\t\t\t<a href=\"https:\/\/latifatbaili.com\/Hilmioptic\/produit\/monture-metallique-pour-femmes-19\/\" class=\"wc-block-grid__product-link\">\n\t\t\t\t\t<div class=\"wc-block-grid__product-image\"><img width=\"300\" height=\"180\" src=\"https:\/\/latifatbaili.com\/Hilmioptic\/wp-content\/uploads\/2020\/09\/19-1-e1601658395983-300x180.jpeg\" class=\"attachment-woocommerce_thumbnail size-woocommerce_thumbnail\" alt=\"\" loading=\"lazy\" \/><\/div>\n\t\t\t\t\t<div class=\"wc-block-grid__product-title\">Monture m\u00e9tallique pour femmes<\/div>\n\t\t\t\t<\/a>\n\t\t\t\t\n\t\t\t\t<div class=\"wc-block-grid__product-price price\"><span class=\"woocommerce-Price-amount amount\"><bdi><span class=\"woocommerce-Price-currencySymbol\">&#x62f;.&#x645;.<\/span>&nbsp;500.00<\/bdi><\/span><\/div>\n\t\t\t\t\n\t\t\t\t<div class=\"wp-block-button wc-block-grid__product-add-to-cart\"><a href=\"?add-to-cart=392\" aria-label=\"Ajouter &ldquo;Monture m\u00e9tallique pour femmes&rdquo; \u00e0 votre panier\" data-quantity=\"1\" data-product_id=\"392\" data-product_sku=\"\" rel=\"nofollow\" class=\"wp-block-button__link add_to_cart_button ajax_add_to_cart\">Ajouter au panier<\/a><\/div>\n\t\t\t<\/li><li class=\"wc-block-grid__product\">\n\t\t\t\t<a href=\"https:\/\/latifatbaili.com\/Hilmioptic\/produit\/monture-metallique-pour-femmes-18\/\" class=\"wc-block-grid__product-link\">\n\t\t\t\t\t<div class=\"wc-block-grid__product-image\"><img width=\"300\" height=\"180\" src=\"https:\/\/latifatbaili.com\/Hilmioptic\/wp-content\/uploads\/2020\/09\/18-1-e1601658406989-300x180.jpeg\" class=\"attachment-woocommerce_thumbnail size-woocommerce_thumbnail\" alt=\"\" loading=\"lazy\" \/><\/div>\n\t\t\t\t\t<div class=\"wc-block-grid__product-title\">Monture m\u00e9tallique pour femmes<\/div>\n\t\t\t\t<\/a>\n\t\t\t\t\n\t\t\t\t<div class=\"wc-block-grid__product-price price\"><span class=\"woocommerce-Price-amount amount\"><bdi><span class=\"woocommerce-Price-currencySymbol\">&#x62f;.&#x645;.<\/span>&nbsp;500.00<\/bdi><\/span><\/div>\n\t\t\t\t\n\t\t\t\t<div class=\"wp-block-button wc-block-grid__product-add-to-cart\"><a href=\"?add-to-cart=391\" aria-label=\"Ajouter &ldquo;Monture m\u00e9tallique pour femmes&rdquo; \u00e0 votre panier\" data-quantity=\"1\" data-product_id=\"391\" data-product_sku=\"\" rel=\"nofollow\" class=\"wp-block-button__link add_to_cart_button ajax_add_to_cart\">Ajouter au panier<\/a><\/div>\n\t\t\t<\/li><li class=\"wc-block-grid__product\">\n\t\t\t\t<a href=\"https:\/\/latifatbaili.com\/Hilmioptic\/produit\/monture-metallique-pour-femmes-17\/\" class=\"wc-block-grid__product-link\">\n\t\t\t\t\t<div class=\"wc-block-grid__product-image\"><img width=\"300\" height=\"180\" src=\"https:\/\/latifatbaili.com\/Hilmioptic\/wp-content\/uploads\/2020\/09\/17-1-e1601658417807-300x180.jpeg\" class=\"attachment-woocommerce_thumbnail size-woocommerce_thumbnail\" alt=\"\" loading=\"lazy\" \/><\/div>\n\t\t\t\t\t<div class=\"wc-block-grid__product-title\">Monture m\u00e9tallique pour femmes<\/div>\n\t\t\t\t<\/a>\n\t\t\t\t\n\t\t\t\t<div class=\"wc-block-grid__product-price price\"><span class=\"woocommerce-Price-amount amount\"><bdi><span class=\"woocommerce-Price-currencySymbol\">&#x62f;.&#x645;.<\/span>&nbsp;500.00<\/bdi><\/span><\/div>\n\t\t\t\t\n\t\t\t\t<div class=\"wp-block-button wc-block-grid__product-add-to-cart\"><a href=\"?add-to-cart=390\" aria-label=\"Ajouter &ldquo;Monture m\u00e9tallique pour femmes&rdquo; \u00e0 votre panier\" data-quantity=\"1\" data-product_id=\"390\" data-product_sku=\"\" rel=\"nofollow\" class=\"wp-block-button__link add_to_cart_button ajax_add_to_cart\">Ajouter au panier<\/a><\/div>\n\t\t\t<\/li><\/ul><\/div>\n\n\n<div class=\"wp-container-5 wp-block-buttons alignright\">\n<div class=\"wp-block-button is-style-outline\"><a class=\"wp-block-button__link\" href=\"https:\/\/latifatbaili.com\/Hilmioptic\/etiquette-produit\/lunettes-pour-les-femmes\/\">VOIR PLUS &#8230;<\/a><\/div>\n<\/div>\n\n\n\n<div style=\"height:20px\" aria-hidden=\"true\" class=\"wp-block-spacer\"><\/div>\n\n\n\n<hr class=\"wp-block-separator\"\/>\n\n\n\n<div class=\"wp-block-woocommerce-reviews-by-category wc-block-reviews-by-category has-image has-name has-date has-rating has-content has-product-name\" data-image-type=\"reviewer\" data-orderby=\"most-recent\" data-reviews-on-page-load=\"10\" data-reviews-on-load-more=\"10\" data-show-load-more=\"true\" data-show-orderby=\"true\" data-category-ids=\"17,21\"><\/div>\n","protected":false},"excerpt":{"rendered":"<p>Cat\u00e9gories de produits Nos Produits r\u00e9cents Lunettes pour les hommes Lunettes pour [&hellip;]<\/p>\n","protected":false},"author":1,"featured_media":0,"parent":6,"menu_order":0,"comment_status":"closed","ping_status":"closed","template":"","meta":{"spay_email":""},"_links":{"self":[{"href":"https:\/\/latifatbaili.com\/Hilmioptic\/wp-json\/wp\/v2\/pages\/78"}],"collection":[{"href":"https:\/\/latifatbaili.com\/Hilmioptic\/wp-json\/wp\/v2\/pages"}],"about":[{"href":"https:\/\/latifatbaili.com\/Hilmioptic\/wp-json\/wp\/v2\/types\/page"}],"author":[{"embeddable":true,"href":"https:\/\/latifatbaili.com\/Hilmioptic\/wp-json\/wp\/v2\/users\/1"}],"replies":[{"embeddable":true,"href":"https:\/\/latifatbaili.com\/Hilmioptic\/wp-json\/wp\/v2\/comments?post=78"}],"version-history":[{"count":54,"href":"https:\/\/latifatbaili.com\/Hilmioptic\/wp-json\/wp\/v2\/pages\/78\/revisions"}],"predecessor-version":[{"id":499,"href":"https:\/\/latifatbaili.com\/Hilmioptic\/wp-json\/wp\/v2\/pages\/78\/revisions\/499"}],"up":[{"embeddable":true,"href":"https:\/\/latifatbaili.com\/Hilmioptic\/wp-json\/wp\/v2\/pages\/6"}],"wp:attachment":[{"href":"https:\/\/latifatbaili.com\/Hilmioptic\/wp-json\/wp\/v2\/media?parent=78"}],"curies":[{"name":"wp","href":"https:\/\/api.w.org\/{rel}","templated":true}]}}